{"id":820,"date":"2021-02-28T18:00:37","date_gmt":"2021-02-28T17:00:37","guid":{"rendered":"https:\/\/www.verein-juedische-kultur-tuebingen.de\/?page_id=820"},"modified":"2026-03-25T13:51:57","modified_gmt":"2026-03-25T12:51:57","slug":"veranstaltungskalender","status":"publish","type":"page","link":"https:\/\/www.verein-juedische-kultur-tuebingen.de\/?page_id=820","title":{"rendered":"Veranstaltungskalender"},"content":{"rendered":"<p>&nbsp;<\/p>\n<h1>Veranstaltungen und erg\u00e4nzende Informationen:<\/h1>\n<p>&nbsp;<\/p>\n<h1>Friedhofs\u00f6ffnung 2026<\/h1>\n<h2>Der F\u00f6rderverein \u00f6ffnet ab M\u00e4rz wieder jeden ersten und dritten Sonntag im Monat den Zugang zum j\u00fcdischen Friedhof in Wankheim. An den \u00d6ffnungstagen ist jeweils eine F\u00fchrung geplant.<\/h2>\n<p><strong>Der Zugang ist zwischen 14 und 16 Uhr frei m\u00f6glich.<\/strong><br \/>\n<strong>Au\u00dferdem bietet der F\u00f6rderverein um 15 Uhr eine F\u00fchrung an.<\/strong><\/p>\n<p>Eine Aufsichtsperson\/Ansprechpartner ist vor Ort.<\/p>\n<p><strong>Termine\u00a0im ersten Halbjahr 2026:<\/strong><\/p>\n<p>6. April<br \/>\n19.April<br \/>\n3. Mai<br \/>\n17.Mai<br \/>\n7. Juni<br \/>\n21. Juni<br \/>\n5. Juli<br \/>\n18. Juli<\/p>\n<p>&nbsp;<\/p>\n<h1>Vorschau<\/h1>\n<h2 class=\"kw-kat-farbe kw-titel\">Lesung mit Prof. Dr. Karl-Josef Kuschel<\/h2>\n<p><strong>Kooperation F\u00f6rderverein und VHS T\u00fcbingen am 19. Mai um 19 Uhr im VHS-Saal.<\/strong><\/p>\n<p class=\"kw-kat-farbe kw-titel\"><strong>Zwiesp\u00e4ltig. Thomas Manns Bild von Juden und Judentum<\/strong><\/p>\n<p class=\"kw-kurs-info-text mb-5\">Thomas Mann befasste sich in seinem Werk immer wieder mit den Grundfragen der menschlichen Existenz. Aus dem Exil k\u00e4mpfte er mit seinen Mitteln f\u00fcr das j\u00fcdisch-christliche Ethos als Widerstands- und Orientierungskraft gegen die Verrohung des Lebens durch Faschismus, Rassismus und Militarismus. In der Lesung aus seinem neuen Buch \u201eWeltgewissen. Religi\u00f6ser Humanismus in Leben und Werk von Thomas Mann\u201c, 2025 im Patmos Verlag erschienen, zeigt Karl-Josef Kuschel auf, wie sich im Laufe dieser Auseinandersetzung auch Thomas Manns Auffassung vom Judentum wandelte.<\/p>\n<p>&nbsp;<\/p>\n<p>&nbsp;<\/p>\n<h2>Weitere Veranstaltungen\/Angebote<\/h2>\n<p>freitags in unregelm\u00e4\u00dfigen Abst\u00e4nden 11 bis 14 Uhr: <strong style=\"font-size: 1rem;\">Friedhofspflege<\/strong> (Anmeldung bei Harald Schwaderer\u00a0 \u00fcber info@verein-juedische-kultur-tuebingen.de)<\/p>\n<p>&nbsp;<\/p>\n<p><strong>Individuelle Angebote:<\/strong><br \/>\nAllgemeine Friedhofsf\u00fchrungen und thematische F\u00fchrungen f\u00fcr Gruppen sind auf Nachfrage m\u00f6glich. Bitte kontaktieren Sie uns bei Interesse.<\/p>\n<p>Themen u.a.:<\/p>\n<p>Begr\u00e4bniskultur \u2013 Rituale, Symbole und ihre Bedeutung<br \/>\nFamilien und ihre Geschichten<br \/>\nJ\u00fcdischer Festkalender<br \/>\nGeschichte der Gemeinde in Wankheim<br \/>\nReichspogromnacht<br \/>\nBerufe<\/p>\n","protected":false},"excerpt":{"rendered":"<p>&nbsp; Veranstaltungen und erg\u00e4nzende Informationen: &nbsp; Friedhofs\u00f6ffnung 2026 Der F\u00f6rderverein \u00f6ffnet ab M\u00e4rz wieder jeden ersten und dritten Sonntag im Monat den Zugang zum j\u00fcdischen Friedhof in Wankheim. An den \u00d6ffnungstagen ist jeweils eine F\u00fchrung geplant. Der Zugang ist zwischen 14 und 16 Uhr frei m\u00f6glich. Au\u00dferdem bietet der F\u00f6rderverein um 15 Uhr eine F\u00fchrung [&hellip;]<\/p>\n","protected":false},"author":2,"featured_media":0,"parent":0,"menu_order":2,"comment_status":"closed","ping_status":"closed","template":"","meta":{"footnotes":""},"class_list":["post-820","page","type-page","status-publish","hentry"],"_links":{"self":[{"href":"https:\/\/www.verein-juedische-kultur-tuebingen.de\/index.php?rest_route=\/wp\/v2\/pages\/820","targetHints":{"allow":["GET"]}}],"collection":[{"href":"https:\/\/www.verein-juedische-kultur-tuebingen.de\/index.php?rest_route=\/wp\/v2\/pages"}],"about":[{"href":"https:\/\/www.verein-juedische-kultur-tuebingen.de\/index.php?rest_route=\/wp\/v2\/types\/page"}],"author":[{"embeddable":true,"href":"https:\/\/www.verein-juedische-kultur-tuebingen.de\/index.php?rest_route=\/wp\/v2\/users\/2"}],"replies":[{"embeddable":true,"href":"https:\/\/www.verein-juedische-kultur-tuebingen.de\/index.php?rest_route=%2Fwp%2Fv2%2Fcomments&post=820"}],"version-history":[{"count":30,"href":"https:\/\/www.verein-juedische-kultur-tuebingen.de\/index.php?rest_route=\/wp\/v2\/pages\/820\/revisions"}],"predecessor-version":[{"id":1027,"href":"https:\/\/www.verein-juedische-kultur-tuebingen.de\/index.php?rest_route=\/wp\/v2\/pages\/820\/revisions\/1027"}],"wp:attachment":[{"href":"https:\/\/www.verein-juedische-kultur-tuebingen.de\/index.php?rest_route=%2Fwp%2Fv2%2Fmedia&parent=820"}],"curies":[{"name":"wp","href":"https:\/\/api.w.org\/{rel}","templated":true}]}}