{"id":761,"date":"2017-08-06T11:42:26","date_gmt":"2017-08-06T09:42:26","guid":{"rendered":"https:\/\/www.verein-juedische-kultur-tuebingen.de\/?page_id=761"},"modified":"2024-02-01T14:11:05","modified_gmt":"2024-02-01T13:11:05","slug":"stolpersteine","status":"publish","type":"page","link":"https:\/\/www.verein-juedische-kultur-tuebingen.de\/?page_id=761","title":{"rendered":"Stolpersteine"},"content":{"rendered":"<p>Seit 2016 gibt es in T\u00fcbingen eine private Stolperstein-Initiative. Diese setzt sich, in Erg\u00e4nzung der 26 Stolpersteine in der S\u00fcdstadt, f\u00fcr die Verlegung weiterer Stolpersteine in der T\u00fcbinger Innenstadt ein. Die Umsetzung erolgte schlie\u00dflich im Sommer 2020. Weitere 29 Stolpersteine wurden am 10. Juli 2018 an 8 Stellen in der T\u00fcbinger Innenstadt verlegt.<\/p>\n<p>Bei den Stolpersteinen handelt es sich um ein europaweites Erinnerungs- und Kunstprojekt des K\u00f6lner K\u00fcnstlers Gunter Demnig. In 22 L\u00e4ndern in Europa sind es jetzt etwa 61 000 solcher Steine, die an verfolgte, vertriebene und ermordete j\u00fcdische B\u00fcrger sowie an andere Opfer des Nationalsozialismus erinnern. Auf zehnmal zehn Zentimeter gro\u00dfen Messingplatten sind der Name, die Lebensdaten und die Umst\u00e4nde des Todes bzw. der Emigration des Menschen eingraviert.<\/p>\n<p style=\"text-align: left;\"><strong>An folgenden Orten in T\u00fcbingen sind nun zwischenzeitlich Stolpersteine verlegt:<br \/>\n<\/strong><br \/>\n<strong>UHLANDSTRASSE 16<\/strong><br \/>\nzwei Steine f\u00fcr die Familie von Adolf Dessauer, Optiker und dessen Tochter Anne Dessauer*, verheiratete Erlanger<\/p>\n<p><strong>UHLANDSTRASSE 15<\/strong><br \/>\nf\u00fcnf Steine f\u00fcr die Familien von Dr. Simon Hayum und Dr. Heinz Hayum, Juristen<br \/>\nDr. Simon Hayum<br \/>\nEhefrau Hermine Hayum<br \/>\nSohn Dr. Heinz Hayum<br \/>\nEhefrau Ellen Hayum<br \/>\nTochter Renate Hayum<\/p>\n<p><strong>UHLANDSTRASSE 2<\/strong><br \/>\ndrei Steine f\u00fcr die Familie von Albert Weil, Verleger T\u00fcbinger Chronik<br \/>\nSohn Hermann Weil<br \/>\nEhefrau Luise Weil<br \/>\nTochter Ingeborg Weil<\/p>\n<p><strong>AM HOLZMARKT 2<\/strong><br \/>\nje ein Stein f\u00fcr Dr. Julius Katz und Ehefrau Wilma Katz<\/p>\n<p><strong>KRONENSTRASSE 6<\/strong><br \/>\nsechs Steine f\u00fcr die Familie von Leopold Hirsch (ehemaliges Herrenkonfektionsgesch\u00e4ft)<br \/>\nLeopold Hirsch (Junior)<br \/>\nEhefrau Johanna Hirsch<br \/>\nSohn Walter Hirsch<br \/>\nTochter Lore Hirsch, verheiratete Silbermann<br \/>\nSchwester Paula Hirsch*<br \/>\nund ihr Sohn Erich Hirsch*<\/p>\n<p><strong>HERRENBERGER STRASSE 46<\/strong><br \/>\nje ein Stein f\u00fcr Mutter Blanda Marx* und Sohn Egon Marx<br \/>\n(Ein Stein f\u00fcr Sohn Viktor Marx liegt bereits in der Hechinger Stra\u00dfe 9)<\/p>\n<p><strong>WILHELMSTRASSE 22<\/strong><br \/>\ndrei Steine f\u00fcr die Familie von Siegmund Weil, Bankier<br \/>\nEhefrau Paula Weil<br \/>\nSohn Dr. Georg Weil<\/p>\n<p><strong>NAUKLERSTRASSE 31<\/strong><br \/>\ndrei Steine f\u00fcr die Familie von Friedrich Weil, Bankier<br \/>\nEhefrau Sofie Weil*<br \/>\nTochter Mina Weil*<br \/>\nSohn Carl Weil*<\/p>\n<p><b>Neue Stra\u00dfe 1: <\/b><br \/>\nVor dem Modehaus Eduard Degginger (sp\u00e4tere Firmen Haid und New Yorker) f\u00fcr dessen <b>Nachfolger-Familien Oppenheim und Sch\u00e4fer<\/b> insgesamt 9 Stolpersteine f\u00fcr:<br \/>\n<b>Jakob Oppenheim<\/b>, Ehefrau <b>Karoline Oppenheim, geb. Seemann, <\/b>Sohn<b> Dr. med. Heinz Oppenheim<\/b>, Ehefrau <b>Dorothee Oppenheim, geb. Hayum,<\/b> Tochter <b>Gertrud Oppenheim,<\/b> [5 Stolpersteine f\u00fcr Familie Oppenheim].<br \/>\n<b>Albert Sch\u00e4fer,<\/b> Ehefrau<b> Selma Sch\u00e4fer, geb. Seemann, Herta Sch\u00e4fer, Liselotte Sch\u00e4fer, verh. Michal Wager, <\/b>[4 Stolpersteine f\u00fcr Familie Sch\u00e4fer].<\/p>\n<p><b>W\u00f6hrdstr. 23:<\/b><br \/>\n4 Stolpersteine f\u00fcr<b> Familie Josef Wochenmark (Vors\u00e4nger, Religionslehrer): Dr. phil. Josef Wochenmark<\/b> und Ehefrau <b>Bella Wochenmark, geb. Freudenthal,<\/b> <b>Alfred Wochenmark (Mark),<\/b> <b>Arnold Wochenmark (Marque).<\/b><br \/>\n<b>\u00a0<\/b><br \/>\n<b>Stauffenbergstr. 27: <\/b><br \/>\n4 Stolpersteine f\u00fcr <b>Familie Bernheim (J\u00fcdischer Frauenverein): Adolph Bernheim, <\/b>Ehefrau <b>Hanna Bernheim, geb. Bach<\/b>, Tochter <b>Doris Bernheim, verh. Doctor,<\/b> Sohn <b>Hans Bernheim.<\/b><br \/>\n<b>\u00a0<\/b><br \/>\n<b>Kelternstr. 8: <\/b><br \/>\n2 Stolpersteine f\u00fcr die <b>Geschwister Pagel<\/b>:<b> Dr. Albert Pagel<\/b> und seine Schwester <b>Charlotte Pagel.<\/b><\/p>\n<p><b>Mauerstr. 25:<\/b><br \/>\n2 Stolpersteine f\u00fcr die<b> Geschwister Reinauer: Philippine Reinauer<\/b> und <b>Sofie Reinauer.<\/b><\/p>\n<p><b>Keplerstr. 9: <\/b>1 Stolperstein f\u00fcr<b> Klara Wallensteiner<\/b>, <b>geb. Reichenbach.<\/b><br \/>\n<b>\u00a0<\/b><br \/>\n<b>Hirschgasse 1<\/b><br \/>\n1 Stolperstein f\u00fcr <b>Rosalie Weil, geb. Herrmann, <\/b>Ehefrau von Sigmund Weil (Verlag T\u00fcbinger Chronik)<br \/>\n<b>\u00a0<\/b><br \/>\n<b>Keplerstr. 5: <\/b><br \/>\n6 Stolpersteine f\u00fcr<b> Familie Pollak <\/b>[6 von 8 Frauen]:<b>Pauline Pollak, geb. Heidelberger,<\/b> <b>Selma Pollak<\/b>, <b>Rosa Pollak, verh. Kappenmacher,<\/b> <b>Therese Kappenmacher<\/b>, <b>Mathilde Pollak, verh. Fechenbach<\/b>, <b>Clara Pollak, verh. Dreyfuss<\/b><\/p>\n<p>&nbsp;<\/p>\n<p><b>Die Brosch\u00fcre mit den Biographien der ehemaligen j\u00fcdischen T\u00fcbinger ist auf Deutsch und Englisch im Fairen Kaufladen T\u00fcbingen, Marktgasse 12 f\u00fcr 8 Euro erh\u00e4ltlich. Ebenso die Neuauflage \u201eDie T\u00fcbinger Juden\u201c von Lilli Zapf f\u00fcr 15 Euro. <\/b><\/p>\n<p>&nbsp;<\/p>\n<p><strong>Weitere Hinweise:<br \/>\n<\/strong>Die T\u00fcbinger Stolperstein-Initiative trifft sich regelm\u00e4\u00dfig alle paar Wochen um 19 Uhr im Clubraum der Dietrich-Bonhoeffer-Kirche, Berliner Ring 12 (Waldh\u00e4user-Ost). Alle interessierten T\u00fcbinger sind zur Mitarbeit jederzeit und herzlich willkommen.<\/p>\n<p>&nbsp;<\/p>\n","protected":false},"excerpt":{"rendered":"<p>Seit 2016 gibt es in T\u00fcbingen eine private Stolperstein-Initiative. Diese setzt sich, in Erg\u00e4nzung der 26 Stolpersteine in der S\u00fcdstadt, f\u00fcr die Verlegung weiterer Stolpersteine in der T\u00fcbinger Innenstadt ein. Die Umsetzung erolgte schlie\u00dflich im Sommer 2020. Weitere 29 Stolpersteine wurden am 10. Juli 2018 an 8 Stellen in der T\u00fcbinger Innenstadt verlegt. Bei den [&hellip;]<\/p>\n","protected":false},"author":2,"featured_media":0,"parent":0,"menu_order":10,"comment_status":"closed","ping_status":"closed","template":"","meta":{"footnotes":""},"class_list":["post-761","page","type-page","status-publish","hentry"],"_links":{"self":[{"href":"https:\/\/www.verein-juedische-kultur-tuebingen.de\/index.php?rest_route=\/wp\/v2\/pages\/761","targetHints":{"allow":["GET"]}}],"collection":[{"href":"https:\/\/www.verein-juedische-kultur-tuebingen.de\/index.php?rest_route=\/wp\/v2\/pages"}],"about":[{"href":"https:\/\/www.verein-juedische-kultur-tuebingen.de\/index.php?rest_route=\/wp\/v2\/types\/page"}],"author":[{"embeddable":true,"href":"https:\/\/www.verein-juedische-kultur-tuebingen.de\/index.php?rest_route=\/wp\/v2\/users\/2"}],"replies":[{"embeddable":true,"href":"https:\/\/www.verein-juedische-kultur-tuebingen.de\/index.php?rest_route=%2Fwp%2Fv2%2Fcomments&post=761"}],"version-history":[{"count":0,"href":"https:\/\/www.verein-juedische-kultur-tuebingen.de\/index.php?rest_route=\/wp\/v2\/pages\/761\/revisions"}],"wp:attachment":[{"href":"https:\/\/www.verein-juedische-kultur-tuebingen.de\/index.php?rest_route=%2Fwp%2Fv2%2Fmedia&parent=761"}],"curies":[{"name":"wp","href":"https:\/\/api.w.org\/{rel}","templated":true}]}}